{"id":325,"date":"2020-05-04T15:28:54","date_gmt":"2020-05-04T19:28:54","guid":{"rendered":"https:\/\/portraitsinacity.com\/?page_id=325"},"modified":"2022-10-16T10:32:11","modified_gmt":"2022-10-16T14:32:11","slug":"shipping-returns","status":"publish","type":"page","link":"https:\/\/portraitsinacity.com\/fr\/shipping-returns\/","title":{"rendered":"Conditions g\u00e9n\u00e9rales et politique de retour"},"content":{"rendered":"<p><\/p>\n<h3>Conditions g\u00e9n\u00e9rales<\/h3>\n<p>Toutes nos commandes sont trait\u00e9es et envoy\u00e9es dans les huit jours ouvrables suivant leur date d\u2019achat. Les commandes sont envoy\u00e9es via Postes Canada, \u00e0 moins qu\u2019une autre m\u00e9thode d\u2019exp\u00e9dition n\u2019ait \u00e9t\u00e9 demand\u00e9e par l\u2019acheteur. Les livraisons en dehors de l\u2019Am\u00e9rique du Nord peuvent prendre plus de temps et n\u00e9cessiter des frais d\u2019exp\u00e9dition suppl\u00e9mentaires. Dans le cas d\u2019achats internationaux, des droits de douane et des taxes peuvent \u00eatre applicables, et sont \u00e0 la charge de l\u2019acheteur. La marchandise est soumise \u00e0 disponibilit\u00e9. Les prix peuvent \u00eatre modifi\u00e9s sans pr\u00e9avis. <\/p>\n<h3>Politique de retour<\/h3>\n<p>Si vous n\u2019\u00eates pas enti\u00e8rement satisfait de votre achat, votre article peut \u00eatre retourn\u00e9 dans les 30 jours suivant son achat. Veuillez noter qu\u2019aucun retour ne sera accept\u00e9 pour un article qui n\u2019est pas dans son \u00e9tat d\u2019origine, est endommag\u00e9 ou auquel il manque des pi\u00e8ces. Pour traiter votre demande de retour, nous aurons besoin d\u2019une note d\u00e9taillant le motif du retour, d\u2019une copie de votre re\u00e7u d\u2019achat et d\u2019un num\u00e9ro de t\u00e9l\u00e9phone o\u00f9 nous pouvons vous joindre. <\/p>\n<p>Veuillez noter que les frais d\u2019exp\u00e9dition d\u2019origine ne sont pas remboursables. Les frais d\u2019exp\u00e9dition de l\u2019article retourn\u00e9 sont \u00e0 la charge de l\u2019acheteur.<\/p>\n<p>Veuillez nous contacter \u00e0 <a href=\"mailto:rico@portraitsinacity.com?subject=Portraits+dans+la+cit%C3%A9\" title=\"\u00c9crire un courriel\" target=\"_blank\" rel=\"noopener\">rico@portraitsinacity.com<\/a> pour toute information compl\u00e9mentaire. Nous veillerons \u00e0 ce que tout probl\u00e8me soit r\u00e9solu \u00e0 votre satisfaction. Merci!<br \/>\n<\/p>","protected":false},"excerpt":{"rendered":"<p>Conditions g\u00e9n\u00e9rales<\/p>\n<p>Toutes nos commandes sont trait\u00e9es et envoy\u00e9es dans les huit jours ouvrables suivant leur date d\u2019achat. Les commandes sont envoy\u00e9es via <a href=\"https:\/\/portraitsinacity.com\/fr\/shipping-returns\/\" class=\"more-link\"><span class=\"icon\"><\/span> Lire<\/a><\/p>\n","protected":false},"author":1,"featured_media":0,"parent":0,"menu_order":0,"comment_status":"closed","ping_status":"closed","template":"","meta":{"footnotes":""},"class_list":["post-325","page","type-page","status-publish","hentry"],"_links":{"self":[{"href":"https:\/\/portraitsinacity.com\/fr\/wp-json\/wp\/v2\/pages\/325","targetHints":{"allow":["GET"]}}],"collection":[{"href":"https:\/\/portraitsinacity.com\/fr\/wp-json\/wp\/v2\/pages"}],"about":[{"href":"https:\/\/portraitsinacity.com\/fr\/wp-json\/wp\/v2\/types\/page"}],"author":[{"embeddable":true,"href":"https:\/\/portraitsinacity.com\/fr\/wp-json\/wp\/v2\/users\/1"}],"replies":[{"embeddable":true,"href":"https:\/\/portraitsinacity.com\/fr\/wp-json\/wp\/v2\/comments?post=325"}],"version-history":[{"count":0,"href":"https:\/\/portraitsinacity.com\/fr\/wp-json\/wp\/v2\/pages\/325\/revisions"}],"wp:attachment":[{"href":"https:\/\/portraitsinacity.com\/fr\/wp-json\/wp\/v2\/media?parent=325"}],"curies":[{"name":"wp","href":"https:\/\/api.w.org\/{rel}","templated":true}]}}