{"id":361,"date":"2020-10-25T14:14:02","date_gmt":"2020-10-25T18:14:02","guid":{"rendered":"https:\/\/portraitsinacity.com\/?page_id=361"},"modified":"2022-10-16T10:36:54","modified_gmt":"2022-10-16T14:36:54","slug":"usage","status":"publish","type":"page","link":"https:\/\/portraitsinacity.com\/fr\/usage\/","title":{"rendered":"Utilisation"},"content":{"rendered":"<p><\/p>\n<h3>Utilisation de nos images<\/h3>\n<p>Les tirages en vente \u00e0 notre boutique sont pour un usage personnel uniquement, destin\u00e9s \u00e0 \u00eatre affich\u00e9s \u00e0 la maison ou dans d\u2019autres espaces priv\u00e9s. Pour toutes les autres utilisations, telles que l\u2019affichage dans les espaces publics ou les institutions, la publication de l\u2019image en ligne ou sur papier, ou toute autre forme d\u2019utilisation, l\u2019autorisation doit \u00eatre accord\u00e9e par Rico Michel.<\/p>\n<p>Pour toute question, veuillez nous contacter \u00e0 <a href=\"mailto:rico@portraitsinacity.com?subject=Portraits+dans+la+cit%C3%A9\" title=\"\u00c9crire un courriel\" target=\"_blank\" rel=\"noopener\">rico@portraitsinacity.com<\/a>.<br \/>\n<\/p>","protected":false},"excerpt":{"rendered":"<p>Utilisation de nos images<\/p>\n<p>Les tirages en vente \u00e0 notre boutique sont pour un usage personnel uniquement, destin\u00e9s \u00e0 \u00eatre affich\u00e9s \u00e0 la <a href=\"https:\/\/portraitsinacity.com\/fr\/usage\/\" class=\"more-link\"><span class=\"icon\"><\/span> Lire<\/a><\/p>\n","protected":false},"author":1,"featured_media":0,"parent":0,"menu_order":0,"comment_status":"closed","ping_status":"closed","template":"","meta":{"footnotes":""},"class_list":["post-361","page","type-page","status-publish","hentry"],"_links":{"self":[{"href":"https:\/\/portraitsinacity.com\/fr\/wp-json\/wp\/v2\/pages\/361","targetHints":{"allow":["GET"]}}],"collection":[{"href":"https:\/\/portraitsinacity.com\/fr\/wp-json\/wp\/v2\/pages"}],"about":[{"href":"https:\/\/portraitsinacity.com\/fr\/wp-json\/wp\/v2\/types\/page"}],"author":[{"embeddable":true,"href":"https:\/\/portraitsinacity.com\/fr\/wp-json\/wp\/v2\/users\/1"}],"replies":[{"embeddable":true,"href":"https:\/\/portraitsinacity.com\/fr\/wp-json\/wp\/v2\/comments?post=361"}],"version-history":[{"count":0,"href":"https:\/\/portraitsinacity.com\/fr\/wp-json\/wp\/v2\/pages\/361\/revisions"}],"wp:attachment":[{"href":"https:\/\/portraitsinacity.com\/fr\/wp-json\/wp\/v2\/media?parent=361"}],"curies":[{"name":"wp","href":"https:\/\/api.w.org\/{rel}","templated":true}]}}