{"id":7,"date":"2022-01-07T12:00:02","date_gmt":"2022-01-07T17:00:02","guid":{"rendered":"http:\/\/portraitsinacity.com\/?page_id=7"},"modified":"2026-03-12T14:10:10","modified_gmt":"2026-03-12T18:10:10","slug":"home","status":"publish","type":"page","link":"https:\/\/portraitsinacity.com\/fr\/","title":{"rendered":"Portraits dans la cit\u00e9"},"content":{"rendered":"<p><\/p>\n<blockquote>\n<p>Il suffit de cligner des yeux<br \/>pour voir le monde autrement.\u201d<\/p>\n<p><small>Daid\u014d Moriyama<\/small><\/p><\/blockquote>\n<p>Portraits dans la cit\u00e9 est un portrait photographique de Montr\u00e9al et de ses&nbsp;habitants. Cette s\u00e9rie de rencontres fortuites, r\u00e9sultat d\u2019innombrables d\u00e9ambulations \u00e0 travers la&nbsp;ville, ressemble \u00e0 un portrait souvenir, l\u2019image d\u2019une cit\u00e9 fluctuante qui aurait pu \u00eatre la&nbsp;n\u00f4tre \u00e0 une \u00e9poque pas si&nbsp;lointaine. <\/p>\n<p>Au d\u00e9but, je travaillais \u00e0 un reportage photographique destin\u00e9 \u00e0 un magazine dont l\u2019identit\u00e9 restait encore \u00e0 d\u00e9finir. Mais je m\u2019aper\u00e7us rapidement que mes images ne convenaient que tr\u00e8s peu au canon journalistique: trop subjectives, elles ne pouvaient raconter que leur propre version du&nbsp;monde. <\/p>\n<p>Mon regard aime s\u2019aventurer hors du cadre, attir\u00e9 par les gens pour qui la&nbsp;norme n\u2019inspire rien sinon qu\u2019une irr\u00e9pressible envie de la r\u00e9\u00e9crire. Ils sont artistes, rebelles ou h\u00e9ros, auteurs de leur propre monde, ajustant par&nbsp;petites retouches leur personnage dans un sc\u00e9nario en constante \u00e9volution. <\/p>\n<p>Le personnage est un entremetteur, une interface qui nous relie au monde. Il est le&nbsp;produit d\u2019une mise en sc\u00e8ne qui, tout en \u00e9tant solidement ancr\u00e9e au r\u00e9el, est mue par une narration collective qui rel\u00e8ve de la mythologie. Le&nbsp;photographe, lui-m\u00eame habile fabricant de mythe, verra dans ce ph\u00e9nom\u00e8ne une ouverture vers un vaste champ d\u2019investigation. \u25fc\ufe0e<\/p>\n<p><a class=\"instagram\" href=\"https:\/\/instagram.com\/ricomichel\/\" target=\"_blank\" title=\"Rico Michel sur Instagram\" rel=\"noopener\">instagram.com\/ricomichel<\/a><br \/>\n<\/p>","protected":false},"excerpt":{"rendered":"<p>Portraits dans la cit\u00e9 est un portrait photographique de Montr\u00e9al et de ses habitants. Cette collection de souvenirs readymade a \u00e9t\u00e9 rassembl\u00e9e au fil d\u2019innombrables d\u00e9ambulations au c\u0153ur de la ville.  <a href=\"https:\/\/portraitsinacity.com\/fr\/\" class=\"more-link\"><span class=\"icon\"><\/span> Lire<\/a><\/p>\n","protected":false},"author":1,"featured_media":682,"parent":0,"menu_order":0,"comment_status":"closed","ping_status":"closed","template":"","meta":{"footnotes":""},"class_list":["post-7","page","type-page","status-publish","has-post-thumbnail","hentry"],"_links":{"self":[{"href":"https:\/\/portraitsinacity.com\/fr\/wp-json\/wp\/v2\/pages\/7","targetHints":{"allow":["GET"]}}],"collection":[{"href":"https:\/\/portraitsinacity.com\/fr\/wp-json\/wp\/v2\/pages"}],"about":[{"href":"https:\/\/portraitsinacity.com\/fr\/wp-json\/wp\/v2\/types\/page"}],"author":[{"embeddable":true,"href":"https:\/\/portraitsinacity.com\/fr\/wp-json\/wp\/v2\/users\/1"}],"replies":[{"embeddable":true,"href":"https:\/\/portraitsinacity.com\/fr\/wp-json\/wp\/v2\/comments?post=7"}],"version-history":[{"count":0,"href":"https:\/\/portraitsinacity.com\/fr\/wp-json\/wp\/v2\/pages\/7\/revisions"}],"wp:featuredmedia":[{"embeddable":true,"href":"https:\/\/portraitsinacity.com\/fr\/wp-json\/wp\/v2\/media\/682"}],"wp:attachment":[{"href":"https:\/\/portraitsinacity.com\/fr\/wp-json\/wp\/v2\/media?parent=7"}],"curies":[{"name":"wp","href":"https:\/\/api.w.org\/{rel}","templated":true}]}}