{"id":8,"date":"2017-04-26T12:58:02","date_gmt":"2017-04-26T16:58:02","guid":{"rendered":"http:\/\/portraitsinacity.com\/?page_id=8"},"modified":"2024-03-07T12:55:37","modified_gmt":"2024-03-07T17:55:37","slug":"about","status":"publish","type":"page","link":"https:\/\/portraitsinacity.com\/fr\/about\/","title":{"rendered":"\u00c0 propos de Portraits dans&nbsp;la&nbsp;cit\u00e9"},"content":{"rendered":"<p><\/p>\n<blockquote>\n<p>\u200bJe me demande parfois si ces images ne&nbsp;sont pas des&nbsp;songes qui me seraient venus dans un&nbsp;moment&nbsp;d\u2019\u00e9garement.\u201d <\/p>\n<\/blockquote>\n<h3>\u00c9ric Rico Michel<\/h3>\n<p><img loading=\"lazy\" decoding=\"async\" class=\"alignleft size-thumbnail\" src=\"https:\/\/portraitsinacity.com\/wp-content\/uploads\/2022\/01\/ricomichel-2018-150x150.jpg\" alt=\"Rico Michel \u2013 Autoportrait, 2018\" width=\"150\" height=\"150\">N\u00e9 \u00e0 Montr\u00e9al durant l\u2019Expo 67, ann\u00e9e o\u00f9 le Qu\u00e9bec s\u2019ouvre sur&nbsp;le&nbsp;monde, \u00c9ric Rico Michel est photographe, concepteur graphique et musicien. Depuis les ann\u00e9es 1990, il a occup\u00e9 le&nbsp;poste de designer graphique en agence, \u0153uvr\u00e9 en tant qu\u2019auteur et que guitariste avec les groupes Les Michels et Bienvenue aux dames, et poursuivi une recherche cr\u00e9ative en&nbsp;arts interactifs et en photographie. <\/p>\n<p>Ces chemins en apparence s\u00e9par\u00e9s vont pourtant communiquer, s\u2019influencer et se compl\u00e9ter l\u2019un l\u2019autre. Ils&nbsp;vont \u00e9ventuellement former un nouvel alliage, un fusion des forces vives de l\u2019intuition et de celles plus m\u00e9thodiques de la raison. <\/p>\n<p>\u00c9ric Rico Michel se familiarise avec le langage de diff\u00e9rents m\u00e9dias tels que la programmation, le montage cin\u00e9mato&shy;graphique et la composition musicale. Il en d\u00e9monte les&nbsp;m\u00e9canismes afin de d\u00e9gager la voix propre \u00e0 chacun d\u2019entre eux. Comme en cuisine, l\u2019id\u00e9e nouvelle va souvent surgir de la rencontre \u00e0 priori impensable entre deux ingr\u00e9dients. <\/p>\n<p>Depuis 2017, il se consacre \u00e0 une recherche cr\u00e9ative en photographie, s\u2019int\u00e9ressant aux nouvelles mythologies et au&nbsp;r\u00f4le de l\u2019image photographique dans la formation de l\u2019identit\u00e9. L\u2019identit\u00e9 est un mythe personnel qui se construit progressivement \u00e0 travers l\u2019appropriation de diff\u00e9rents personnages, la photographie \u00e9tant l\u2019un des principaux catalyseurs de ces mises en sc\u00e8ne. <\/p>\n<p>L\u2019image d\u2019aujourd\u2019hui doit, pour \u00eatre porteuse, savoir d\u00e9passer les repr\u00e9sentations h\u00e9g\u00e9moniques du si\u00e8cle dernier. Elle doit affirmer ses propres m\u00e9canismes, et c\u2019est de&nbsp;cette ouverture que pourra na\u00eetre le dialogue entre elle et&nbsp;son observateur. <\/p>\n<hr>\n<h3>En bref<\/h3>\n<p>\u00c9ric Michel a cr\u00e9\u00e9 une police de caract\u00e8res pour le fanzine <em>Rectangle<\/em> (1987), publi\u00e9 un&nbsp;album de musique originale avec Les Michels (1995), produit des environnements interactifs pour Google Maps (2014), r\u00e9alis\u00e9 le court m\u00e9trage <em>R\u00eaverie du solstice<\/em> (2017), et pr\u00e9sent\u00e9 des expositions en tant qu\u2019artiste num\u00e9rique et que photographe (2017\u2013). <\/p>\n<p><a class=\"pdf\" href=\"https:\/\/portraitsinacity.com\/wp-content\/uploads\/2023\/12\/ricomichel-intro-fr.pdf\" title=\"Afficher le PDF\" target=\"_blank\" rel=\"noopener\">Introduction<\/a><br \/>\n<a class=\"pdf\" href=\"https:\/\/portraitsinacity.com\/wp-content\/uploads\/2023\/12\/ricomichel-bio-fr.pdf\" title=\"Afficher le PDF\" target=\"_blank\" rel=\"noopener\">Biographie<\/a><br \/>\n<a class=\"pdf\" href=\"https:\/\/portraitsinacity.com\/wp-content\/uploads\/2023\/12\/ricomichel-cv-fr.pdf\" title=\"Afficher le PDF\" target=\"_blank\" rel=\"noopener\">Curriculum vit\u00e6<\/a><\/p>\n<p><small><a title=\"btd-studio.com\" href=\"http:\/\/btd-studio.com\" target=\"_blank\" rel=\"noopener\">Design par bt&amp;d<\/a><\/small><\/p>","protected":false},"excerpt":{"rendered":"<p>Portraits dans la cit\u00e9 est un portrait photographique de Montr\u00e9al et de ses habitants. Cette s\u00e9rie de rencontres fortuites, r\u00e9sultat d\u2019innombrables d\u00e9ambulations \u00e0 travers la ville, ressemble \u00e0 un portrait souvenir, l\u2019image d\u2019une cit\u00e9 fluctuante qui aurait pu \u00eatre la n\u00f4tre \u00e0 une \u00e9poque pas si lointaine. <a href=\"https:\/\/portraitsinacity.com\/fr\/about\/\" class=\"more-link\"><span class=\"icon\"><\/span> Lire<\/a><\/p>\n","protected":false},"author":1,"featured_media":352,"parent":0,"menu_order":0,"comment_status":"closed","ping_status":"closed","template":"page-dark.php","meta":{"footnotes":""},"class_list":["post-8","page","type-page","status-publish","has-post-thumbnail","hentry"],"_links":{"self":[{"href":"https:\/\/portraitsinacity.com\/fr\/wp-json\/wp\/v2\/pages\/8","targetHints":{"allow":["GET"]}}],"collection":[{"href":"https:\/\/portraitsinacity.com\/fr\/wp-json\/wp\/v2\/pages"}],"about":[{"href":"https:\/\/portraitsinacity.com\/fr\/wp-json\/wp\/v2\/types\/page"}],"author":[{"embeddable":true,"href":"https:\/\/portraitsinacity.com\/fr\/wp-json\/wp\/v2\/users\/1"}],"replies":[{"embeddable":true,"href":"https:\/\/portraitsinacity.com\/fr\/wp-json\/wp\/v2\/comments?post=8"}],"version-history":[{"count":0,"href":"https:\/\/portraitsinacity.com\/fr\/wp-json\/wp\/v2\/pages\/8\/revisions"}],"wp:featuredmedia":[{"embeddable":true,"href":"https:\/\/portraitsinacity.com\/fr\/wp-json\/wp\/v2\/media\/352"}],"wp:attachment":[{"href":"https:\/\/portraitsinacity.com\/fr\/wp-json\/wp\/v2\/media?parent=8"}],"curies":[{"name":"wp","href":"https:\/\/api.w.org\/{rel}","templated":true}]}}