{"id":818,"date":"2026-03-05T16:56:19","date_gmt":"2026-03-05T21:56:19","guid":{"rendered":"https:\/\/portraitsinacity.com\/?page_id=818"},"modified":"2026-03-25T09:44:35","modified_gmt":"2026-03-25T13:44:35","slug":"un-dollar","status":"publish","type":"page","link":"https:\/\/portraitsinacity.com\/fr\/un-dollar\/","title":{"rendered":"photozine un dollar"},"content":{"rendered":"<p><\/p>\n<div class=\"box\">\n<figure class=\"alignleft\"><a class=\"lightbox\" href=\"https:\/\/portraitsinacity.com\/wp-content\/uploads\/2026\/03\/un-dollar-800.jpg\" title=\"Cliquez pour agrandir\" data-title=\"Cinq exemplaires du photozine un dollar\"><img loading=\"lazy\" decoding=\"async\" src=\"https:\/\/portraitsinacity.com\/wp-content\/uploads\/2026\/03\/un-dollar-800-300x300.jpg\" alt=\"Cinq exemplaires du photozine un dollar\" width=\"114\" height=\"114\"><\/a><figcaption><\/figcaption><\/figure>\n<p><strong>Si vous \u00eates int\u00e9ress\u00e9(e) \u00e0 vous procurer mon photozine \u00abun&nbsp;dollar\u00bb via&nbsp;PayPal<\/strong>, s.v.p. cliquez&nbsp;ici: <\/p>\n<p><a id=\"buybtn\" class=\"button\" href=\"https:\/\/www.paypal.com\/ncp\/payment\/EGD3PRCHM5R8Y\" title=\"paypal.com\" rel=\"noopener\" target=\"_blank\"><span class=\"icon\"><\/span>PayPal<\/a><\/p>\n<p>Le prix est de cinquante dollars canadiens, plus les&nbsp;frais d\u2019exp\u00e9dition de 15&nbsp;dollars (un total d\u2019environ 50&nbsp;dollars U.S.). Si&nbsp;vous le pr\u00e9f\u00e9rez, vous pouvez aussi \u00e9crire \u00e0 <a href=\"mailto:portraitsinacity@gmail.com?subject=photozine+un+dollar\" title=\"\u00c9crire un courriel\" target=\"_blank\" rel=\"noopener\">portraitsinacity@gmail.com<\/a>.<\/p>\n<\/div>\n<p><!--more--><\/p>\n<h5>Disponibilit\u00e9<\/h5>\n<p>\u00c0 Montr\u00e9al, \u00abun dollar\u00bb est disponible \u00e0 la <a href=\"https:\/\/www.facebook.com\/LibrairieLePortdetete\/\" title=\"facebook.com\" target=\"_blank\" rel=\"noopener\">librairie Le Port de t\u00eate<\/a>, et pour consultation seulement \u00e0 la <a href=\"https:\/\/www.banq.qc.ca\" title=\"banq.qc.ca\" target=\"_blank\" rel=\"noopener\">Biblioth\u00e8que nationale du Qu\u00e9bec<\/a>, chez <a href=\"https:\/\/artexte.ca\/\" title=\"artexte.ca\" target=\"_blank\" rel=\"noopener\">Artexte<\/a> et chez <a href=\"https:\/\/arcmtl.org\/\" title=\"arcmtl.org\" target=\"_blank\" rel=\"noopener\">Arcmtl<\/a>. <\/p>\n<h5>Description<\/h5>\n<p>\u00abun dollar\u00bb est un photozine d\u2019<a href=\"\/author\/ricomichel\/\" target=\"_blank\" rel=\"noopener\">\u00c9ric Rico Michel<\/a> compos\u00e9 de douze num\u00e9ros de huit pages chacun. Le zine pr\u00e9sente soixante photographies prenant pour sujet la forme, la lumi\u00e8re et la composition. <\/p>\n<p>Les num\u00e9ros, produits \u00e0 partir d\u2019une feuille de papier pli\u00e9e sans colle ni reliure, sont regroup\u00e9s sous une couverture argent\u00e9e et livr\u00e9s dans une bo\u00eete cartonn\u00e9e.<\/p>\n<table>\n<tr>\n<th>Titre<\/th>\n<td>un dollar<\/td>\n<\/tr>\n<tr>\n<th>Auteur<\/th>\n<td>\u00c9ric Michel<\/td>\n<\/tr>\n<tr>\n<th>Langue<\/th>\n<td>fran\u00e7ais et anglais<\/td>\n<\/tr>\n<tr>\n<th>Longueur<\/th>\n<td>96 pages<\/td>\n<\/tr>\n<tr>\n<th>Illustrations<\/th>\n<td>60 photographies<\/td>\n<\/tr>\n<tr>\n<th>Dimensions<\/th>\n<td>4,5 \u00d7 6&nbsp;po (11,5 \u00d7 15,25&nbsp;cm)<\/td>\n<\/tr>\n<tr>\n<th>Poids<\/th>\n<td>218&nbsp;g<\/td>\n<\/tr>\n<tr>\n<th>Impression<\/th>\n<td>couleur avec couverture souple<\/td>\n<\/tr>\n<tr>\n<th>Parution<\/th>\n<td>2025<\/td>\n<\/tr>\n<tr>\n<th>\u00c9diteur<\/th>\n<td>auto\u00e9dit\u00e9<\/td>\n<\/tr>\n<\/table>\n<h4>Sur YouTube<\/h4>\n<p>\u00abun dollar\u00bb re\u00e7oit une critique tr\u00e8s favorable de la part de M. Ted&nbsp;Forbes, sur la cha\u00eene The Art of&nbsp;Photography:<\/p>\n<p><iframe loading=\"lazy\" width=\"560\" height=\"315\" src=\"https:\/\/www.youtube.com\/embed\/cOTbrXdT1xI?si=ZliShJZZM_Hry6NX\" title=\"YouTube video player\" frameborder=\"0\" allow=\"accelerometer; autoplay; clipboard-write; encrypted-media; gyroscope; picture-in-picture; web-share\" referrerpolicy=\"strict-origin-when-cross-origin\" allowfullscreen><\/iframe><br \/>\n<\/p>","protected":false},"excerpt":{"rendered":"<p>\u00abun dollar\u00bb est un photozine d\u2019\u00c9ric Rico Michel compos\u00e9 de douze num\u00e9ros de huit pages chacun. Le zine pr\u00e9sente soixante photographies prenant pour sujet la forme, la lumi\u00e8re et la composition. <a href=\"https:\/\/portraitsinacity.com\/fr\/un-dollar\/\" class=\"more-link\"><span class=\"icon\"><\/span> Lire<\/a><\/p>\n","protected":false},"author":1,"featured_media":819,"parent":0,"menu_order":0,"comment_status":"closed","ping_status":"closed","template":"","meta":{"footnotes":""},"class_list":["post-818","page","type-page","status-publish","has-post-thumbnail","hentry"],"_links":{"self":[{"href":"https:\/\/portraitsinacity.com\/fr\/wp-json\/wp\/v2\/pages\/818","targetHints":{"allow":["GET"]}}],"collection":[{"href":"https:\/\/portraitsinacity.com\/fr\/wp-json\/wp\/v2\/pages"}],"about":[{"href":"https:\/\/portraitsinacity.com\/fr\/wp-json\/wp\/v2\/types\/page"}],"author":[{"embeddable":true,"href":"https:\/\/portraitsinacity.com\/fr\/wp-json\/wp\/v2\/users\/1"}],"replies":[{"embeddable":true,"href":"https:\/\/portraitsinacity.com\/fr\/wp-json\/wp\/v2\/comments?post=818"}],"version-history":[{"count":0,"href":"https:\/\/portraitsinacity.com\/fr\/wp-json\/wp\/v2\/pages\/818\/revisions"}],"wp:featuredmedia":[{"embeddable":true,"href":"https:\/\/portraitsinacity.com\/fr\/wp-json\/wp\/v2\/media\/819"}],"wp:attachment":[{"href":"https:\/\/portraitsinacity.com\/fr\/wp-json\/wp\/v2\/media?parent=818"}],"curies":[{"name":"wp","href":"https:\/\/api.w.org\/{rel}","templated":true}]}}